{"id":555,"date":"2020-05-20T12:22:27","date_gmt":"2020-05-20T10:22:27","guid":{"rendered":"http:\/\/localhost:8888\/leonieyoung1\/?page_id=555"},"modified":"2020-09-29T18:07:20","modified_gmt":"2020-09-29T16:07:20","slug":"about","status":"publish","type":"page","link":"https:\/\/www.leonieyoung.com\/?page_id=555","title":{"rendered":"about"},"content":{"rendered":"\n<p>&#8211; &#8211; &#8211; &#8211; &#8211; &#8211; &#8211; &#8211; &#8211; &#8211; &#8211; &#8211; &#8211; &#8211; &#8211; &#8211; &#8211; &#8211; &#8211; &#8211; &#8211; &#8211; &#8211; &#8211;<br><br><strong>Etienne Hatt<\/strong><br>artpress n\u00b0474, 2020<br><strong>: <strong>En qu\u00eate d&#8217;images [extrait]<\/strong><\/strong><\/p>\n\n\n\n<p><a href=\"http:\/\/www.leonieyoung.com\/doc\/text_fr_EtienneHatt.pdf\" target=\"_blank\" rel=\"noreferrer noopener\"><img class=\"wp-image-622\" style=\"width: 900px;\" src=\"http:\/\/www.leonieyoung.com\/wp-content\/uploads\/2020\/09\/publicationimages_1140x798_1B.jpg\" alt=\"\"><\/a><\/p>\n\n\n\n<div class=\"wp-block-columns\">\n<div class=\"wp-block-column\">\n<p><br>(\u2026) Ce que l&#8217;une et l&#8217;autre [De Beyter et Young] font de leur enqu\u00eate dans les images les distingue de ces artistes qui furent appel\u00e9s archivistes ou iconographes (1). Bien s\u00fbr, \u00e0 l&#8217;instar des archivistes, De Beyter et Young explorent visuellement un sujet. Pourtant, l&#8217;int\u00e9r\u00eat de leur collecte ne r\u00e9side pas dans le mod\u00e8le de classement qui neutralise les images mais dans les images elle-m\u00eames. De Beyter et Young les choisissent \u00e0 chaque fois pour une raison sp\u00e9cifique. A ce titre, ils se rapprochent des artistes iconographes qui r\u00e9unissent, souvent en constellations, des images singuli\u00e8res et h\u00e9t\u00e9rog\u00e8nes. Mais ils s&#8217;en \u00e9loignent en n&#8217;en montrant au lieux que quelques unes, en les associant avec les leurs, voire en les rempla\u00e7ant. Ainsi, la grande diff\u00e9rence avec les iconographes est que la collecte d&#8217;images n&#8217;est pour De Beyter et Young pas une finalit\u00e9 mais un pr\u00e9alable.<br><br><strong>L\u2019enqu\u00eate visuelle permet \u00e0 Young de saisir les diff\u00e9rentes repr\u00e9sentations d\u2019un m\u00eame sujet dans le temps et l\u2019espace, des pionniers de la conqu\u00eate de l\u2019air dans les cartes postales de Maubeuge aux derni\u00e8res exp\u00e9ditions spatiales au Mus\u00e9e du Bourget. Mais son ambition n\u2019est jamais documentaire. Par exemple, elle ne compte pas sur les images d\u2019archives pour donner une id\u00e9e du hangar aujourd\u2019hui d\u00e9truit. Elle exploite moins leur valeur descriptive que leur ressources formelles ou leur pouvoir d\u2019\u00e9vocation. Sous la forme de livre ou d\u2019exposition, cette s\u00e9rie relie les diff\u00e9rentes imageries en brouillant la g\u00e9ographie et la chronologie par une approche fragmentaire qui ne d\u00e9livre qu\u2019une histoire volontairement d\u00e9cousue.<\/strong><br><br><strong>(\u2026) Il est sans doute possible de rapprocher ces projets s&#8217;appuyant sur des enqu\u00eates visuelles de ces champs de recherche autour de l&#8217;image, de la vue et de la visibilit\u00e9 ouverts par l&#8217;histoire visuelle et les \u00e9tudes visuelles, dont la perspective est critique. Peut-\u00eatre peut-on aussi dresser un parall\u00e8le avec les enqu\u00eates documentaires (4) d&#8217;autres photographes qui, inspir\u00e9s par des protocoles des sciences humaines, proposent, en croisant les sources, une r\u00e9flexion sur le r\u00e9el sous forme d&#8217;exp\u00e9rimentation. Except\u00e9 qu&#8217;ici, ces deux photographes prennent encore davantage de champ critique, piochant librement chez les archivistes, les iconographes ou les investigateurs. (\u2026)<\/strong><\/p>\n<\/div>\n\n\n\n<div class=\"wp-block-column\"><\/div>\n<\/div>\n\n\n\n<p><strong>[en]<\/strong> <a rel=\"noreferrer noopener\" href=\"http:\/\/www.leonieyoung.com\/doc\/text_en_EtienneHatt.pdf\" target=\"_blank\">read english version here<\/a><br><strong>[fr]<\/strong> <a rel=\"noreferrer noopener\" href=\"http:\/\/www.leonieyoung.com\/doc\/text_fr_EtienneHatt.pdf\" target=\"_blank\">lire l&#8217;article en pdf ici<\/a><br><\/p>\n\n\n\n<p><br>&#8211; &#8211; &#8211; &#8211; &#8211; &#8211; &#8211; &#8211; &#8211; &#8211; &#8211; &#8211; &#8211; &#8211; &#8211; &#8211; &#8211; &#8211; &#8211; &#8211; &#8211; &#8211; &#8211; &#8211; <br><br><strong>Jean-Christophe Arcos<br><\/strong>Livre L&#8217;utopie fant\u00f4me, 2019<br><strong>: Vues d&#8217;en haut<\/strong><br><br><a rel=\"noreferrer noopener\" href=\"http:\/\/www.leonieyoung.com\/doc\/text_fr_JeanChristopheArcos.pdf\" target=\"_blank\"><img class=\"wp-image-987\" style=\"width: 900px;\" src=\"http:\/\/www.leonieyoung.com\/wp-content\/uploads\/2020\/09\/publicationimages_1140x798_2B.jpg\" alt=\"\"><\/a><br><br><strong>[fr]<\/strong> <a rel=\"noreferrer noopener\" href=\"http:\/\/www.leonieyoung.com\/doc\/text_fr_JeanChristopheArcos.pdf\" target=\"_blank\">lire le texte en fran\u00e7ais ici<\/a><br><strong>[en]<\/strong> <a rel=\"noreferrer noopener\" href=\"http:\/\/www.leonieyoung.com\/doc\/text_en_JeanChristopheArcos.pdf\" target=\"_blank\">read english version here<\/a><br><br>&#8211; &#8211; &#8211; &#8211; &#8211; &#8211; &#8211; &#8211; &#8211; &#8211; &#8211; &#8211; &#8211; &#8211; &#8211; &#8211; &#8211; &#8211; &#8211; &#8211; &#8211; &#8211; &#8211; &#8211;<br><br><strong>Beata Bartecka<\/strong><br>\u00e0 propos de la s\u00e9rie <strong>Pack your bags<\/strong>, 2016<br><strong>: Pr\u00e9sence dans l&#8217;absence<\/strong><br><br><a rel=\"noreferrer noopener\" href=\"http:\/\/www.leonieyoung.com\/doc\/text_fr_BeataBartecka.pdf\" target=\"_blank\"><img loading=\"lazy\" width=\"1520\" height=\"429\" class=\"wp-image-1023\" style=\"width: 900px;\" src=\"http:\/\/www.leonieyoung.com\/wp-content\/uploads\/2020\/09\/publicationimages_1140x798_3B.jpg\" alt=\"\" srcset=\"https:\/\/www.leonieyoung.com\/wp-content\/uploads\/2020\/09\/publicationimages_1140x798_3B.jpg 1520w, https:\/\/www.leonieyoung.com\/wp-content\/uploads\/2020\/09\/publicationimages_1140x798_3B-300x85.jpg 300w, https:\/\/www.leonieyoung.com\/wp-content\/uploads\/2020\/09\/publicationimages_1140x798_3B-1024x289.jpg 1024w, https:\/\/www.leonieyoung.com\/wp-content\/uploads\/2020\/09\/publicationimages_1140x798_3B-768x217.jpg 768w, https:\/\/www.leonieyoung.com\/wp-content\/uploads\/2020\/09\/publicationimages_1140x798_3B-600x169.jpg 600w\" sizes=\"(max-width: 1520px) 100vw, 1520px\" \/><\/a><br><br><strong>[fr]<\/strong> <a rel=\"noreferrer noopener\" href=\"http:\/\/www.leonieyoung.com\/doc\/text_fr_BeataBartecka.pdf\" target=\"_blank\">lire le texte en fran\u00e7ais ici<\/a><br><strong>[en]<\/strong> <a rel=\"noreferrer noopener\" href=\"http:\/\/www.leonieyoung.com\/doc\/text_en_BeataBartecka.pdf\" target=\"_blank\">read english version here<\/a><br><br>&#8211; &#8211; &#8211; &#8211; &#8211; &#8211; &#8211; &#8211; &#8211; &#8211; &#8211; &#8211; &#8211; &#8211; &#8211; &#8211; &#8211; &#8211; &#8211; &#8211; &#8211; &#8211; &#8211; &#8211;<br><br><strong>Marie Pleintel<\/strong><br>revue Facettes #0, 2014<br><strong>: Spectacle de l&#8217;inertie<\/strong><br><br><a href=\"http:\/\/www.leonieyoung.com\/doc\/text_fr_facettes.pdf\" target=\"_blank\" rel=\"noreferrer noopener\"><img loading=\"lazy\" width=\"1520\" height=\"463\" class=\"wp-image-1025\" style=\"width: 900px;\" src=\"http:\/\/www.leonieyoung.com\/wp-content\/uploads\/2020\/09\/publicationimages_1140x798_5B.jpg\" alt=\"\" srcset=\"https:\/\/www.leonieyoung.com\/wp-content\/uploads\/2020\/09\/publicationimages_1140x798_5B.jpg 1520w, https:\/\/www.leonieyoung.com\/wp-content\/uploads\/2020\/09\/publicationimages_1140x798_5B-300x91.jpg 300w, https:\/\/www.leonieyoung.com\/wp-content\/uploads\/2020\/09\/publicationimages_1140x798_5B-1024x312.jpg 1024w, https:\/\/www.leonieyoung.com\/wp-content\/uploads\/2020\/09\/publicationimages_1140x798_5B-768x234.jpg 768w, https:\/\/www.leonieyoung.com\/wp-content\/uploads\/2020\/09\/publicationimages_1140x798_5B-600x183.jpg 600w\" sizes=\"(max-width: 1520px) 100vw, 1520px\" \/><\/a><br><br><strong>[fr]<\/strong> <a rel=\"noreferrer noopener\" href=\"http:\/\/www.leonieyoung.com\/doc\/text_fr_facettes.pdf\" target=\"_blank\">lire le texte en fran\u00e7ais ici<\/a><br><\/p>\n\n\n\n<div class=\"wp-block-columns\">\n<div class=\"wp-block-column\"><\/div>\n\n\n\n<div class=\"wp-block-column\"><\/div>\n<\/div>\n","protected":false},"excerpt":{"rendered":"<p>&#8211; &#8211; &#8211; &#8211; &#8211; &#8211; &#8211; &#8211; &#8211; &#8211; &#8211; &#8211; &#8211; &#8211; &#8211; &#8211; &#8211; &#8211; &#8211; &#8211; &#8211; &#8211; &#8211; &#8211; Etienne Hattartpress n\u00b0474, 2020: En qu\u00eate d&#8217;images [extrait] (\u2026) Ce que l&#8217;une et l&#8217;autre [De Beyter et Young] font de leur enqu\u00eate dans les images les distingue de ces artistes qui [&hellip;]<\/p>\n","protected":false},"author":1,"featured_media":0,"parent":0,"menu_order":0,"comment_status":"closed","ping_status":"closed","template":"","meta":[],"_links":{"self":[{"href":"https:\/\/www.leonieyoung.com\/index.php?rest_route=\/wp\/v2\/pages\/555"}],"collection":[{"href":"https:\/\/www.leonieyoung.com\/index.php?rest_route=\/wp\/v2\/pages"}],"about":[{"href":"https:\/\/www.leonieyoung.com\/index.php?rest_route=\/wp\/v2\/types\/page"}],"author":[{"embeddable":true,"href":"https:\/\/www.leonieyoung.com\/index.php?rest_route=\/wp\/v2\/users\/1"}],"replies":[{"embeddable":true,"href":"https:\/\/www.leonieyoung.com\/index.php?rest_route=%2Fwp%2Fv2%2Fcomments&post=555"}],"version-history":[{"count":52,"href":"https:\/\/www.leonieyoung.com\/index.php?rest_route=\/wp\/v2\/pages\/555\/revisions"}],"predecessor-version":[{"id":1039,"href":"https:\/\/www.leonieyoung.com\/index.php?rest_route=\/wp\/v2\/pages\/555\/revisions\/1039"}],"wp:attachment":[{"href":"https:\/\/www.leonieyoung.com\/index.php?rest_route=%2Fwp%2Fv2%2Fmedia&parent=555"}],"curies":[{"name":"wp","href":"https:\/\/api.w.org\/{rel}","templated":true}]}}